{"id":1442,"date":"2020-10-12T09:20:22","date_gmt":"2020-10-12T09:20:22","guid":{"rendered":"https:\/\/www.equipodecamara.es\/?post_type=product&#038;p=1442"},"modified":"2025-09-23T13:11:45","modified_gmt":"2025-09-23T13:11:45","slug":"pyxis6k","status":"publish","type":"product","link":"https:\/\/www.equipodecamara.es\/en\/alquiler\/camaras\/cine\/pyxis6k\/","title":{"rendered":"Blackmagic Pyxis 6K EF"},"content":{"rendered":"<h1>Blackmagic Pyxis 6K<\/h1>\n<p>La nueva c\u00e1mara Blackmagic Design PYXIS 6K fusiona las avanzadas tecnolog\u00edas cinematogr\u00e1ficas de la galardonada Blackmagic Design Cinema Camera 6K para ofrecer una experiencia cinematogr\u00e1fica excepcional. Esta c\u00e1mara de formato box presenta una montura de objetivos Canon EF que permite el bloqueo de los mismos y placas laterales personalizables para adaptarnos a nuestras necesidades creativas. Esta potente c\u00e1mara permite grabar videos en una amplia variedad de resoluciones.<\/p>\n<h4>Caracter\u00edsticas principales:<\/h4>\n<ul>\n<li>Montura para objetivos Canon EOS EF<\/li>\n<li>Sensor full frame 6K<\/li>\n<li>M\u00e1xima resoluci\u00f3n de 6K60p<\/li>\n<li>Distintas resoluciones y velocidades de fotograma<\/li>\n<li>13 pasos de rango din\u00e1mico<\/li>\n<li>ISO nativo Dual 400-3200<\/li>\n<li>Pantalla t\u00e1ctil LCD HDR<\/li>\n<li>Micr\u00f3fono est\u00e9reo integrado<\/li>\n<li>Doble slot para tarjetas CFExpress tipo B y posibilidad de grabaci\u00f3n externa en SSD y unidades flash compatibles<\/li>\n<li>Conectores Ethernet y 12G-SDI<\/li>\n<li><strong>Garant\u00eda oficial espa\u00f1ola de 3 a\u00f1os y 15 d\u00edas para devoluciones<\/strong><\/li>\n<\/ul>\n<p><strong>El conjunto completo se compone de:<\/strong><\/p>\n<ul>\n<li>Blackmagic PYXIS 6K<\/li>\n<li>Tapa protectora para la montura<\/li>\n<li>Soporte PYXIS Standard<\/li>\n<li>Soporte PYXIS para unidades SSD<\/li>\n<li>Fuente de alimentaci\u00f3n de 60 W con conector de 2 pines<\/li>\n<li>Clave de activaci\u00f3n para DaVinci Resolve Studio<\/li>\n<\/ul>","protected":false},"excerpt":{"rendered":"<div class=\"mh-excerpt\"><p style=\"text-align: justify;\"><strong>The rental includes: <\/strong>Cuerpo de c\u00e1mara, monitor, 1x bater\u00edas BP-U6, 1x Disco SSD 1Tb, cargador, bolsa de transporte.<\/p>\n<table style=\"height: 30px; width: 99.9271%; border-collapse: collapse;\" border=\"2\">\n<tbody>\n<tr style=\"height: 21px;\">\n<td style=\"width: 14.2857%; height: 10px; background-color: #f0f0f0; vertical-align: middle;\"><strong>1 day<\/strong><\/td>\n<td style=\"width: 14.2857%; height: 10px; background-color: #f0f0f0; vertical-align: middle;\"><strong>2 days<\/strong><\/td>\n<td style=\"width: 14.2857%; height: 10px; background-color: #f0f0f0; vertical-align: middle;\"><strong>3 days<\/strong><\/td>\n<td style=\"width: 14.2857%; height: 10px; background-color: #f0f0f0; vertical-align: middle;\"><strong>4 days<\/strong><\/td>\n<td style=\"width: 14.2857%; height: 10px; background-color: #f0f0f0; vertical-align: middle;\"><strong>5 days<\/strong><\/td>\n<td style=\"width: 14.2857%; height: 10px; background-color: #f0f0f0; vertical-align: middle;\"><strong>6 days<\/strong><\/td>\n<td style=\"width: 14.2857%; height: 10px; background-color: #f0f0f0; vertical-align: middle;\"><strong>7 days<\/strong><\/td>\n<\/tr>\n<tr style=\"height: 7px;\">\n<td style=\"width: 14.2857%; height: 10px; vertical-align: middle;\"><span style=\"color: #e64946; font-size: 14pt;\"><strong>80\u20ac<\/strong><\/span><\/td>\n<td style=\"width: 14.2857%; height: 10px; vertical-align: middle;\"><span style=\"color: #e64946; font-size: 14pt;\"><strong>120\u20ac<\/strong><\/span><\/td>\n<td style=\"width: 14.2857%; height: 10px; vertical-align: middle;\"><span style=\"color: #e64946; font-size: 14pt;\"><strong>160\u20ac<\/strong><\/span><\/td>\n<td style=\"width: 14.2857%; height: 10px; vertical-align: middle;\"><span style=\"color: #e64946; font-size: 14pt;\"><strong>200\u20ac<\/strong><\/span><\/td>\n<td style=\"width: 14.2857%; height: 10px; vertical-align: middle;\"><span style=\"color: #e64946; font-size: 14pt;\"><strong>240\u20ac<\/strong><\/span><\/td>\n<td style=\"width: 14.2857%; height: 10px; vertical-align: middle;\"><span style=\"color: #e64946; font-size: 14pt;\"><strong>280\u20ac<\/strong><\/span><\/td>\n<td style=\"width: 14.2857%; height: 10px; vertical-align: middle;\"><span style=\"color: #e64946; font-size: 14pt;\"><strong>312\u20ac<\/strong><\/span><\/td>\n<\/tr>\n<tr style=\"height: 10px;\">\n<td style=\"width: 14.2857%; height: 10px; background-color: #f0f0f0; vertical-align: middle;\"><span style=\"font-size: 8pt;\">\u20ac80\/day<\/span><\/td>\n<td style=\"width: 14.2857%; height: 10px; background-color: #f0f0f0; vertical-align: middle;\"><span style=\"font-size: 8pt;\">\u20ac60\/day<\/span><\/td>\n<td style=\"width: 14.2857%; height: 10px; background-color: #f0f0f0; vertical-align: middle;\"><span style=\"font-size: 8pt;\">53,3\u20ac\/d\u00eda<\/span><\/td>\n<td style=\"width: 14.2857%; height: 10px; background-color: #f0f0f0; vertical-align: middle;\"><span style=\"font-size: 8pt;\">\u20ac50\/day<\/span><\/td>\n<td style=\"width: 14.2857%; height: 10px; background-color: #f0f0f0; vertical-align: middle;\"><span style=\"font-size: 8pt;\">48\u20ac\/d\u00eda<\/span><\/td>\n<td style=\"width: 14.2857%; height: 10px; background-color: #f0f0f0; vertical-align: middle;\"><span style=\"font-size: 8pt;\">46,67\u20ac\/d\u00eda<\/span><\/td>\n<td style=\"width: 14.2857%; height: 10px; background-color: #f0f0f0; vertical-align: middle;\"><span style=\"font-size: 8pt;\">44,57\u20ac\/d\u00eda<\/span><\/td>\n<\/tr>\n<\/tbody>\n<\/table>\n<p> <a class=\"mh-excerpt-more\" href=\"https:\/\/www.equipodecamara.es\/en\/alquiler\/camaras\/cine\/pyxis6k\/\" title=\"Blackmagic Pyxis 6K EF\"><\/a><\/p>\n<\/div>","protected":false},"featured_media":5617,"template":"","meta":[],"pwb-brand":[727],"product_brand":[],"product_cat":[496,523],"product_tag":[],"class_list":{"0":"post-1442","1":"product","2":"type-product","3":"status-publish","4":"has-post-thumbnail","6":"pwb-brand-blackmagic","7":"product_cat-camaras","8":"product_cat-cine","10":"first","11":"instock","12":"taxable","13":"shipping-taxable","14":"purchasable","15":"product-type-redq_rental"},"brands":[{"id":727,"name":"Blackmagic","slug":"blackmagic"}],"_links":{"self":[{"href":"https:\/\/www.equipodecamara.es\/en\/wp-json\/wp\/v2\/product\/1442","targetHints":{"allow":["GET"]}}],"collection":[{"href":"https:\/\/www.equipodecamara.es\/en\/wp-json\/wp\/v2\/product"}],"about":[{"href":"https:\/\/www.equipodecamara.es\/en\/wp-json\/wp\/v2\/types\/product"}],"version-history":[{"count":6,"href":"https:\/\/www.equipodecamara.es\/en\/wp-json\/wp\/v2\/product\/1442\/revisions"}],"predecessor-version":[{"id":5620,"href":"https:\/\/www.equipodecamara.es\/en\/wp-json\/wp\/v2\/product\/1442\/revisions\/5620"}],"wp:featuredmedia":[{"embeddable":true,"href":"https:\/\/www.equipodecamara.es\/en\/wp-json\/wp\/v2\/media\/5617"}],"wp:attachment":[{"href":"https:\/\/www.equipodecamara.es\/en\/wp-json\/wp\/v2\/media?parent=1442"}],"wp:term":[{"taxonomy":"pwb-brand","embeddable":true,"href":"https:\/\/www.equipodecamara.es\/en\/wp-json\/wp\/v2\/pwb-brand?post=1442"},{"taxonomy":"product_brand","embeddable":true,"href":"https:\/\/www.equipodecamara.es\/en\/wp-json\/wp\/v2\/product_brand?post=1442"},{"taxonomy":"product_cat","embeddable":true,"href":"https:\/\/www.equipodecamara.es\/en\/wp-json\/wp\/v2\/product_cat?post=1442"},{"taxonomy":"product_tag","embeddable":true,"href":"https:\/\/www.equipodecamara.es\/en\/wp-json\/wp\/v2\/product_tag?post=1442"}],"curies":[{"name":"wp","href":"https:\/\/api.w.org\/{rel}","templated":true}]}}