{"id":2933,"date":"2022-01-03T19:29:57","date_gmt":"2022-01-03T19:29:57","guid":{"rendered":"https:\/\/www.equipodecamara.es\/?post_type=product&#038;p=2933"},"modified":"2022-05-25T16:25:52","modified_gmt":"2022-05-25T16:25:52","slug":"aputure-light-storm-c120d-mark-ii","status":"publish","type":"product","link":"https:\/\/www.equipodecamara.es\/en\/alquiler\/iluminacion\/proyectores\/aputure-light-storm-c120d-mark-ii\/","title":{"rendered":"Aputure Light Storm C120d Mark II"},"content":{"rendered":"<h1>Aputure Light Storm C120d Mark II<\/h1>\n<p>El C120D II cuenta con una incre\u00edble luminancia de 135,000 lux a 0.5 metros de distancia. Con un brillo aproximado equivalente a una luz de tungsteno de 1.000 vatios, el C120D II es casi un 25% m\u00e1s brillante que el C120D de primera generaci\u00f3n, lo que lo hace competitivo con algunas de las luces de estudio de mayor calidad del mercado. La cantidad de luz es importante, pero la calidad lo a\u00fan m\u00e1s. El C120D II ha pasado por pruebas intensas de calidad de color, utilizando no solo las clasificaciones de CRI, sino tambi\u00e9n el \u00edndice de consistencia de iluminaci\u00f3n de televisi\u00f3n (TLCI) est\u00e1ndar de la\u00a0 industria. En ambas pruebas, el C120D II obtiene un CRI de m\u00e1s de 96 y un TLCI de m\u00e1s de 97, lo que garantiza la mejor calidad de color posible.<\/p>","protected":false},"excerpt":{"rendered":"<div class=\"mh-excerpt\"><p style=\"text-align: justify;\"><strong>The rental includes:<\/strong> Control box, Reflector, Suspension knob, Connection cable, Power cable, Wireless remote control, Carrying bag<\/p>\n<table style=\"height: 30px; width: 99.9271%; border-collapse: collapse;\" border=\"2\">\n<tbody>\n<tr style=\"height: 21px;\">\n<td style=\"width: 14.2857%; height: 10px; vertical-align: middle; text-align: center; background-color: #292929;\"><span style=\"color: #ffffff;\"><strong>1 day<\/strong><\/span><\/td>\n<td style=\"width: 14.2857%; height: 10px; vertical-align: middle; text-align: center; background-color: #292929;\"><span style=\"color: #ffffff;\"><strong>2 days<\/strong><\/span><\/td>\n<td style=\"width: 14.2857%; height: 10px; vertical-align: middle; text-align: center; background-color: #292929;\"><span style=\"color: #ffffff;\"><strong>3 days<\/strong><\/span><\/td>\n<td style=\"width: 14.2857%; height: 10px; vertical-align: middle; text-align: center; background-color: #292929;\"><span style=\"color: #ffffff;\"><strong>4 days<\/strong><\/span><\/td>\n<td style=\"width: 14.2857%; height: 10px; vertical-align: middle; text-align: center; background-color: #292929;\"><span style=\"color: #ffffff;\"><strong>5 days<\/strong><\/span><\/td>\n<td style=\"width: 14.2857%; height: 10px; vertical-align: middle; text-align: center; background-color: #292929;\"><span style=\"color: #ffffff;\"><strong>6 days<\/strong><\/span><\/td>\n<td style=\"width: 14.2857%; height: 10px; vertical-align: middle; text-align: center; background-color: #292929;\"><span style=\"color: #ffffff;\"><strong>7 days<\/strong><\/span><\/td>\n<\/tr>\n<tr style=\"height: 7px;\">\n<td style=\"width: 14.2857%; height: 10px; vertical-align: middle; text-align: center;\"><span style=\"color: #e64946; font-size: 14pt;\"><strong>35\u20ac<\/strong><\/span><\/td>\n<td style=\"width: 14.2857%; height: 10px; vertical-align: middle; text-align: center;\"><span style=\"color: #e64946; font-size: 14pt;\"><strong>58\u20ac<\/strong><\/span><\/td>\n<td style=\"width: 14.2857%; height: 10px; vertical-align: middle; text-align: center;\"><span style=\"color: #e64946; font-size: 14pt;\"><strong>75\u20ac<\/strong><\/span><\/td>\n<td style=\"width: 14.2857%; height: 10px; vertical-align: middle; text-align: center;\"><span style=\"color: #e64946; font-size: 14pt;\"><strong>88\u20ac<\/strong><\/span><\/td>\n<td style=\"width: 14.2857%; height: 10px; vertical-align: middle; text-align: center;\"><span style=\"color: #e64946; font-size: 14pt;\"><strong>105\u20ac<\/strong><\/span><\/td>\n<td style=\"width: 14.2857%; height: 10px; vertical-align: middle; text-align: center;\"><span style=\"color: #e64946; font-size: 14pt;\"><strong>120\u20ac<\/strong><\/span><\/td>\n<td style=\"width: 14.2857%; height: 10px; vertical-align: middle; text-align: center;\"><span style=\"color: #e64946; font-size: 14pt;\"><strong>133\u20ac<\/strong><\/span><\/td>\n<\/tr>\n<tr style=\"height: 10px;\">\n<td style=\"width: 14.2857%; height: 10px; background-color: #f0f0f0; vertical-align: middle; text-align: center;\"><span style=\"font-size: 8pt;\">\u20ac35\/day<\/span><\/td>\n<td style=\"width: 14.2857%; height: 10px; background-color: #f0f0f0; vertical-align: middle; text-align: center;\"><span style=\"font-size: 8pt;\">\u20ac29\/day<\/span><\/td>\n<td style=\"width: 14.2857%; height: 10px; background-color: #f0f0f0; vertical-align: middle; text-align: center;\"><span style=\"font-size: 8pt;\">\u20ac25\/day<\/span><\/td>\n<td style=\"width: 14.2857%; height: 10px; background-color: #f0f0f0; vertical-align: middle; text-align: center;\"><span style=\"font-size: 8pt;\">\u20ac22\/day<\/span><\/td>\n<td style=\"width: 14.2857%; height: 10px; background-color: #f0f0f0; vertical-align: middle; text-align: center;\"><span style=\"font-size: 8pt;\">21\u20ac\/d\u00eda<\/span><\/td>\n<td style=\"width: 14.2857%; height: 10px; background-color: #f0f0f0; vertical-align: middle; text-align: center;\"><span style=\"font-size: 8pt;\">\u20ac20\/day<\/span><\/td>\n<td style=\"width: 14.2857%; height: 10px; background-color: #f0f0f0; vertical-align: middle; text-align: center;\"><span style=\"font-size: 8pt;\">\u20ac19\/day<\/span><\/td>\n<\/tr>\n<\/tbody>\n<\/table>\n<p> <a class=\"mh-excerpt-more\" href=\"https:\/\/www.equipodecamara.es\/en\/alquiler\/iluminacion\/proyectores\/aputure-light-storm-c120d-mark-ii\/\" title=\"Aputure Light Storm C120d Mark II\"><\/a><\/p>\n<\/div>","protected":false},"featured_media":2934,"template":"","meta":[],"pwb-brand":[],"product_brand":[],"product_cat":[553,660],"product_tag":[571],"class_list":{"0":"post-2933","1":"product","2":"type-product","3":"status-publish","4":"has-post-thumbnail","6":"product_cat-iluminacion","7":"product_cat-proyectores","8":"product_tag-led","10":"first","11":"instock","12":"taxable","13":"shipping-taxable","14":"purchasable","15":"product-type-redq_rental"},"brands":[],"_links":{"self":[{"href":"https:\/\/www.equipodecamara.es\/en\/wp-json\/wp\/v2\/product\/2933","targetHints":{"allow":["GET"]}}],"collection":[{"href":"https:\/\/www.equipodecamara.es\/en\/wp-json\/wp\/v2\/product"}],"about":[{"href":"https:\/\/www.equipodecamara.es\/en\/wp-json\/wp\/v2\/types\/product"}],"version-history":[{"count":2,"href":"https:\/\/www.equipodecamara.es\/en\/wp-json\/wp\/v2\/product\/2933\/revisions"}],"predecessor-version":[{"id":2938,"href":"https:\/\/www.equipodecamara.es\/en\/wp-json\/wp\/v2\/product\/2933\/revisions\/2938"}],"wp:featuredmedia":[{"embeddable":true,"href":"https:\/\/www.equipodecamara.es\/en\/wp-json\/wp\/v2\/media\/2934"}],"wp:attachment":[{"href":"https:\/\/www.equipodecamara.es\/en\/wp-json\/wp\/v2\/media?parent=2933"}],"wp:term":[{"taxonomy":"pwb-brand","embeddable":true,"href":"https:\/\/www.equipodecamara.es\/en\/wp-json\/wp\/v2\/pwb-brand?post=2933"},{"taxonomy":"product_brand","embeddable":true,"href":"https:\/\/www.equipodecamara.es\/en\/wp-json\/wp\/v2\/product_brand?post=2933"},{"taxonomy":"product_cat","embeddable":true,"href":"https:\/\/www.equipodecamara.es\/en\/wp-json\/wp\/v2\/product_cat?post=2933"},{"taxonomy":"product_tag","embeddable":true,"href":"https:\/\/www.equipodecamara.es\/en\/wp-json\/wp\/v2\/product_tag?post=2933"}],"curies":[{"name":"wp","href":"https:\/\/api.w.org\/{rel}","templated":true}]}}