{"id":3568,"date":"2022-04-20T13:43:38","date_gmt":"2022-04-20T13:43:38","guid":{"rendered":"https:\/\/www.equipodecamara.es\/?post_type=product&#038;p=3568"},"modified":"2023-10-20T08:21:20","modified_gmt":"2023-10-20T08:21:20","slug":"rode-ntg-2","status":"publish","type":"product","link":"https:\/\/www.equipodecamara.es\/en\/alquiler\/audio\/microfonos-audio\/rode-ntg-2\/","title":{"rendered":"Rode NTG 2"},"content":{"rendered":"<h1>Rode NTG 2<\/h1>\n<div>\n<div>\n<p><strong>R\u00d8DE NTG-2<\/strong>\u00a0es un micr\u00f3fono de condensador ligero, dise\u00f1ado para aplicaciones profesionales en las industrias del cine, el v\u00eddeo, la televisi\u00f3n y la producci\u00f3n.<\/p>\n<p>Su respuesta de frecuencia completa, su bajo ruido y su transparencia de audio lo convierten en un micr\u00f3fono ideal para pel\u00edculas, v\u00eddeo y voz en off, mientras que su bajo peso (161gm\/5.7oz sin bater\u00eda) lo convierte en un micr\u00f3fono de brazo ideal.<\/p>\n<p>Adem\u00e1s de la respuesta de frecuencia nativa de 20 Hz-20 kHz, se dispone de un filtro de paso alto seleccionable a 80 Hz, que evitar\u00e1 que se graben ruidos de baja frecuencia como los del aire acondicionado y el tr\u00e1fico.<\/p>\n<p>He\u00a0<strong>NTG2<\/strong>\u00a0funciona con una bater\u00eda AA (1,5 V) o con alimentaci\u00f3n fantasma P48, que puede ser suministrada por c\u00e1maras profesionales, grabadoras de audio y fuentes de alimentaci\u00f3n. La opci\u00f3n de alimentaci\u00f3n por bater\u00eda hace que el NTG2 sea ideal para escenarios en los que la c\u00e1mara no suministra alimentaci\u00f3n fantasma como el v\u00eddeo DSLR.<\/p>\n<p>El paravientos\u00a0<strong>WSVM<\/strong>\u00a0se suministra para minimizar el ruido del viento ligero y los plosivos durante la grabaci\u00f3n. El pelaje opcional &#8216;DeadCat&#8217; se recomienda para aplicaciones en exteriores.<\/p>\n<p>El micr\u00f3fono de ca\u00f1\u00f3n\u00a0<strong>NTG2<\/strong>\u00a0de R\u00d8DE est\u00e1 dise\u00f1ado y fabricado en Australia, y est\u00e1 cubierto por la garant\u00eda de 10 a\u00f1os l\u00edder en la industria de los micr\u00f3fonos R\u00d8DE.<\/p>\n<\/div>\n<\/div>","protected":false},"excerpt":{"rendered":"<div class=\"mh-excerpt\"><p style=\"text-align: justify;\"><strong>The rental includes: <\/strong>Micr\u00f3fono unidireccional R\u00d8DE NTG-2, pinza, espuma anti-viento, peluche antiviento, Cable USB, Cable audio XLR (M) \u2013 XLR (H) 5m, funda de transporte<\/p>\n<table style=\"height: 30px; width: 99.9271%; border-collapse: collapse;\" border=\"2\">\n<tbody>\n<tr style=\"height: 21px;\">\n<td style=\"width: 14.2857%; height: 10px; vertical-align: middle; text-align: center; background-color: #292929;\"><span style=\"color: #ffffff;\"><strong>1 day<\/strong><\/span><\/td>\n<td style=\"width: 14.2857%; height: 10px; vertical-align: middle; text-align: center; background-color: #292929;\"><span style=\"color: #ffffff;\"><strong>2 days<\/strong><\/span><\/td>\n<td style=\"width: 14.2857%; height: 10px; vertical-align: middle; text-align: center; background-color: #292929;\"><span style=\"color: #ffffff;\"><strong>3 days<\/strong><\/span><\/td>\n<td style=\"width: 14.2857%; height: 10px; vertical-align: middle; text-align: center; background-color: #292929;\"><span style=\"color: #ffffff;\"><strong>4 days<\/strong><\/span><\/td>\n<td style=\"width: 14.2857%; height: 10px; vertical-align: middle; text-align: center; background-color: #292929;\"><span style=\"color: #ffffff;\"><strong>5 days<\/strong><\/span><\/td>\n<td style=\"width: 14.2857%; height: 10px; vertical-align: middle; text-align: center; background-color: #292929;\"><span style=\"color: #ffffff;\"><strong>6 days<\/strong><\/span><\/td>\n<td style=\"width: 14.2857%; height: 10px; vertical-align: middle; text-align: center; background-color: #292929;\"><span style=\"color: #ffffff;\"><strong>7 days<\/strong><\/span><\/td>\n<\/tr>\n<tr style=\"height: 7px;\">\n<td style=\"width: 14.2857%; height: 10px; vertical-align: middle; text-align: center;\"><span style=\"color: #e64946; font-size: 14pt;\"><strong>15\u20ac<\/strong><\/span><\/td>\n<td style=\"width: 14.2857%; height: 10px; vertical-align: middle; text-align: center;\"><span style=\"color: #e64946; font-size: 14pt;\"><strong>22,5\u20ac<\/strong><\/span><\/td>\n<td style=\"width: 14.2857%; height: 10px; vertical-align: middle; text-align: center;\"><span style=\"color: #e64946; font-size: 14pt;\"><strong>30\u20ac<\/strong><\/span><\/td>\n<td style=\"width: 14.2857%; height: 10px; vertical-align: middle; text-align: center;\"><span style=\"color: #e64946; font-size: 14pt;\"><strong>37,5\u20ac<\/strong><\/span><\/td>\n<td style=\"width: 14.2857%; height: 10px; vertical-align: middle; text-align: center;\"><span style=\"color: #e64946; font-size: 14pt;\"><strong>45\u20ac<\/strong><\/span><\/td>\n<td style=\"width: 14.2857%; height: 10px; vertical-align: middle; text-align: center;\"><span style=\"color: #e64946; font-size: 14pt;\"><strong>52,5\u20ac<\/strong><\/span><\/td>\n<td style=\"width: 14.2857%; height: 10px; vertical-align: middle; text-align: center;\"><span style=\"color: #e64946; font-size: 14pt;\"><strong>58,5\u20ac<\/strong><\/span><\/td>\n<\/tr>\n<tr style=\"height: 10px;\">\n<td style=\"width: 14.2857%; height: 10px; background-color: #f0f0f0; vertical-align: middle; text-align: center;\"><span style=\"font-size: 8pt;\">\u20ac15\/day<\/span><\/td>\n<td style=\"width: 14.2857%; height: 10px; background-color: #f0f0f0; vertical-align: middle; text-align: center;\"><span style=\"font-size: 8pt;\">\u20ac11.25\/day<\/span><\/td>\n<td style=\"width: 14.2857%; height: 10px; background-color: #f0f0f0; vertical-align: middle; text-align: center;\"><span style=\"font-size: 8pt;\">\u20ac10\/day<\/span><\/td>\n<td style=\"width: 14.2857%; height: 10px; background-color: #f0f0f0; vertical-align: middle; text-align: center;\"><span style=\"font-size: 8pt;\">\u20ac9.38\/day<\/span><\/td>\n<td style=\"width: 14.2857%; height: 10px; background-color: #f0f0f0; vertical-align: middle; text-align: center;\"><span style=\"font-size: 8pt;\">\u20ac9\/day<\/span><\/td>\n<td style=\"width: 14.2857%; height: 10px; background-color: #f0f0f0; vertical-align: middle; text-align: center;\"><span style=\"font-size: 8pt;\">\u20ac8.75\/day<\/span><\/td>\n<td style=\"width: 14.2857%; height: 10px; background-color: #f0f0f0; vertical-align: middle; text-align: center;\"><span style=\"font-size: 8pt;\">\u20ac8.36\/day<\/span><\/td>\n<\/tr>\n<\/tbody>\n<\/table>\n<p> <a class=\"mh-excerpt-more\" href=\"https:\/\/www.equipodecamara.es\/en\/alquiler\/audio\/microfonos-audio\/rode-ntg-2\/\" title=\"Rode NTG 2\"><\/a><\/p>\n<\/div>","protected":false},"featured_media":3572,"template":"","meta":[],"pwb-brand":[720],"product_brand":[],"product_cat":[552,627],"product_tag":[628,630,629],"class_list":{"0":"post-3568","1":"product","2":"type-product","3":"status-publish","4":"has-post-thumbnail","6":"pwb-brand-rode","7":"product_cat-audio","8":"product_cat-microfonos-audio","9":"product_tag-canon","10":"product_tag-percha","11":"product_tag-unidireccional","13":"first","14":"instock","15":"taxable","16":"shipping-taxable","17":"purchasable","18":"product-type-redq_rental"},"brands":[{"id":720,"name":"RODE","slug":"rode"}],"_links":{"self":[{"href":"https:\/\/www.equipodecamara.es\/en\/wp-json\/wp\/v2\/product\/3568","targetHints":{"allow":["GET"]}}],"collection":[{"href":"https:\/\/www.equipodecamara.es\/en\/wp-json\/wp\/v2\/product"}],"about":[{"href":"https:\/\/www.equipodecamara.es\/en\/wp-json\/wp\/v2\/types\/product"}],"version-history":[{"count":1,"href":"https:\/\/www.equipodecamara.es\/en\/wp-json\/wp\/v2\/product\/3568\/revisions"}],"predecessor-version":[{"id":3570,"href":"https:\/\/www.equipodecamara.es\/en\/wp-json\/wp\/v2\/product\/3568\/revisions\/3570"}],"wp:featuredmedia":[{"embeddable":true,"href":"https:\/\/www.equipodecamara.es\/en\/wp-json\/wp\/v2\/media\/3572"}],"wp:attachment":[{"href":"https:\/\/www.equipodecamara.es\/en\/wp-json\/wp\/v2\/media?parent=3568"}],"wp:term":[{"taxonomy":"pwb-brand","embeddable":true,"href":"https:\/\/www.equipodecamara.es\/en\/wp-json\/wp\/v2\/pwb-brand?post=3568"},{"taxonomy":"product_brand","embeddable":true,"href":"https:\/\/www.equipodecamara.es\/en\/wp-json\/wp\/v2\/product_brand?post=3568"},{"taxonomy":"product_cat","embeddable":true,"href":"https:\/\/www.equipodecamara.es\/en\/wp-json\/wp\/v2\/product_cat?post=3568"},{"taxonomy":"product_tag","embeddable":true,"href":"https:\/\/www.equipodecamara.es\/en\/wp-json\/wp\/v2\/product_tag?post=3568"}],"curies":[{"name":"wp","href":"https:\/\/api.w.org\/{rel}","templated":true}]}}