{"id":3574,"date":"2022-04-20T14:05:39","date_gmt":"2022-04-20T14:05:39","guid":{"rendered":"https:\/\/www.equipodecamara.es\/?post_type=product&#038;p=3574"},"modified":"2022-05-25T16:22:26","modified_gmt":"2022-05-25T16:22:26","slug":"smallrig-rc-120b","status":"publish","type":"product","link":"https:\/\/www.equipodecamara.es\/en\/alquiler\/iluminacion\/proyectores\/smallrig-rc-120b\/","title":{"rendered":"SmallRig RC 120B"},"content":{"rendered":"<h1>SmallRig RC 120B<\/h1>\n<div>\n<p><span class=\"ng-scope\">SmallRig RC120B, foco de luz Led continua bicolor de alta potencia.<br \/>\nDispone de Led COB (Chip On Board) que es un conjunto de chips LED concentrados en un \u00fanico punto para conseguir una proyecci\u00f3n de luz puntual y dura permitiendo el uso de modificadores de luz y viene a complementar y a sustituir en muchos casos a los paneles led y a los HMI tradicionales. El COB permite tener unas fuentes de luz altamente modificables y compatibles con accesorios tradicionales ya existentes en el mercado.<\/span><\/p>\n<p><span class=\"ng-scope\">Potencia lum\u00ednica<br \/>\nEl RC120B ofrece una potencia de 52.800 lux (con hiperreflector) y 4.450 lux (sin par\u00e1bola) a un metro.<\/span><\/p>\n<p>9 efectos de luz<br \/>\nPaparazzi, fuegos artificiales, rel\u00e1mpago, bombilla defectuosa, TV, aliento, flash, fiesta, llama.<\/p>\n<p>Control remoto v\u00eda app<br \/>\nEl RC120B se puede controlar a trav\u00e9s de la aplicaci\u00f3n SmallGoGo con la que se puede controlar un gran n\u00famero de luminarias, ajustar par\u00e1metros como la intensidad, la temperatura de color, efectos especiales\u2026 e incluso dise\u00f1ar nuestras escenas para distintos sets de rodaje o plat\u00f3 y lograr una mayor cobertura de la se\u00f1al y distancia de control gracias al m\u00f3dulo de red Bluetooth Mesh incorporado.<\/p>\n<p>Refrigeraci\u00f3n<br \/>\nRefrigeraci\u00f3n con ventilador ultrasilencioso (25dB \u00b12dB a un metro) solo se enciende a temperaturas altas.<\/p>\n<p>Montura Bowens S est\u00e1ndar<br \/>\nCuenta con una montura Bowens S, por lo que es totalmente compatible con una gran variedad de accesorios.<\/p>\n<p>Alimentaci\u00f3n<br \/>\nAdmite dos tipos de alimentaci\u00f3n por CA o bater\u00edas V-Mount (no incluidas). Recomendable bater\u00eda V-Mount de 14,4V o 26V con una capacidad superior a 150Wh.<\/p>\n<\/div>","protected":false},"excerpt":{"rendered":"<div class=\"mh-excerpt\"><p style=\"text-align: justify;\"><strong>The rental includes: <\/strong>Bolsa de transporte y protecci\u00f3n con espuma precortada, Correa para transporte en bandolera, Foco COB con protector, Alimentador, Par\u00e1bola Hiperreflectora montura Bowens S y Cable Shucko con conexi\u00f3n en tr\u00e9bol<\/p>\n<table style=\"height: 30px; width: 99.9271%; border-collapse: collapse;\" border=\"2\">\n<tbody>\n<tr style=\"height: 21px;\">\n<td style=\"width: 14.2857%; height: 10px; vertical-align: middle; text-align: center; background-color: #292929;\"><span style=\"color: #ffffff;\"><strong>1 day<\/strong><\/span><\/td>\n<td style=\"width: 14.2857%; height: 10px; vertical-align: middle; text-align: center; background-color: #292929;\"><span style=\"color: #ffffff;\"><strong>2 days<\/strong><\/span><\/td>\n<td style=\"width: 14.2857%; height: 10px; vertical-align: middle; text-align: center; background-color: #292929;\"><span style=\"color: #ffffff;\"><strong>3 days<\/strong><\/span><\/td>\n<td style=\"width: 14.2857%; height: 10px; vertical-align: middle; text-align: center; background-color: #292929;\"><span style=\"color: #ffffff;\"><strong>4 days<\/strong><\/span><\/td>\n<td style=\"width: 14.2857%; height: 10px; vertical-align: middle; text-align: center; background-color: #292929;\"><span style=\"color: #ffffff;\"><strong>5 days<\/strong><\/span><\/td>\n<td style=\"width: 14.2857%; height: 10px; vertical-align: middle; text-align: center; background-color: #292929;\"><span style=\"color: #ffffff;\"><strong>6 days<\/strong><\/span><\/td>\n<td style=\"width: 14.2857%; height: 10px; vertical-align: middle; text-align: center; background-color: #292929;\"><span style=\"color: #ffffff;\"><strong>7 days<\/strong><\/span><\/td>\n<\/tr>\n<tr style=\"height: 7px;\">\n<td style=\"width: 14.2857%; height: 10px; vertical-align: middle; text-align: center;\"><span style=\"color: #e64946; font-size: 14pt;\"><strong>20\u20ac<\/strong><\/span><\/td>\n<td style=\"width: 14.2857%; height: 10px; vertical-align: middle; text-align: center;\"><span style=\"color: #e64946; font-size: 14pt;\"><strong>30\u20ac<\/strong><\/span><\/td>\n<td style=\"width: 14.2857%; height: 10px; vertical-align: middle; text-align: center;\"><span style=\"color: #e64946; font-size: 14pt;\"><strong>40\u20ac<\/strong><\/span><\/td>\n<td style=\"width: 14.2857%; height: 10px; vertical-align: middle; text-align: center;\"><span style=\"color: #e64946; font-size: 14pt;\"><strong>50\u20ac<\/strong><\/span><\/td>\n<td style=\"width: 14.2857%; height: 10px; vertical-align: middle; text-align: center;\"><span style=\"color: #e64946; font-size: 14pt;\"><strong>60\u20ac<\/strong><\/span><\/td>\n<td style=\"width: 14.2857%; height: 10px; vertical-align: middle; text-align: center;\"><span style=\"color: #e64946; font-size: 14pt;\"><strong>70\u20ac<\/strong><\/span><\/td>\n<td style=\"width: 14.2857%; height: 10px; vertical-align: middle; text-align: center;\"><span style=\"color: #e64946; font-size: 14pt;\"><strong>78\u20ac<\/strong><\/span><\/td>\n<\/tr>\n<tr style=\"height: 10px;\">\n<td style=\"width: 14.2857%; height: 10px; background-color: #f0f0f0; vertical-align: middle; text-align: center;\"><span style=\"font-size: 8pt;\">\u20ac20\/day<\/span><\/td>\n<td style=\"width: 14.2857%; height: 10px; background-color: #f0f0f0; vertical-align: middle; text-align: center;\"><span style=\"font-size: 8pt;\">\u20ac15\/day<\/span><\/td>\n<td style=\"width: 14.2857%; height: 10px; background-color: #f0f0f0; vertical-align: middle; text-align: center;\"><span style=\"font-size: 8pt;\">\u20ac13.33\/day<\/span><\/td>\n<td style=\"width: 14.2857%; height: 10px; background-color: #f0f0f0; vertical-align: middle; text-align: center;\"><span style=\"font-size: 8pt;\">\u20ac12.5\/day<\/span><\/td>\n<td style=\"width: 14.2857%; height: 10px; background-color: #f0f0f0; vertical-align: middle; text-align: center;\"><span style=\"font-size: 8pt;\">\u20ac12\/day<\/span><\/td>\n<td style=\"width: 14.2857%; height: 10px; background-color: #f0f0f0; vertical-align: middle; text-align: center;\"><span style=\"font-size: 8pt;\">\u20ac11.67\/day<\/span><\/td>\n<td style=\"width: 14.2857%; height: 10px; background-color: #f0f0f0; vertical-align: middle; text-align: center;\"><span style=\"font-size: 8pt;\">\u20ac11.14\/day<\/span><\/td>\n<\/tr>\n<\/tbody>\n<\/table>\n<p> <a class=\"mh-excerpt-more\" href=\"https:\/\/www.equipodecamara.es\/en\/alquiler\/iluminacion\/proyectores\/smallrig-rc-120b\/\" title=\"SmallRig RC 120B\"><\/a><\/p>\n<\/div>","protected":false},"featured_media":3575,"template":"","meta":[],"pwb-brand":[],"product_brand":[],"product_cat":[553,660],"product_tag":[628,630,629],"class_list":{"0":"post-3574","1":"product","2":"type-product","3":"status-publish","4":"has-post-thumbnail","6":"product_cat-iluminacion","7":"product_cat-proyectores","8":"product_tag-canon","9":"product_tag-percha","10":"product_tag-unidireccional","12":"first","13":"instock","14":"taxable","15":"shipping-taxable","16":"purchasable","17":"product-type-redq_rental"},"brands":[],"_links":{"self":[{"href":"https:\/\/www.equipodecamara.es\/en\/wp-json\/wp\/v2\/product\/3574","targetHints":{"allow":["GET"]}}],"collection":[{"href":"https:\/\/www.equipodecamara.es\/en\/wp-json\/wp\/v2\/product"}],"about":[{"href":"https:\/\/www.equipodecamara.es\/en\/wp-json\/wp\/v2\/types\/product"}],"version-history":[{"count":2,"href":"https:\/\/www.equipodecamara.es\/en\/wp-json\/wp\/v2\/product\/3574\/revisions"}],"predecessor-version":[{"id":3644,"href":"https:\/\/www.equipodecamara.es\/en\/wp-json\/wp\/v2\/product\/3574\/revisions\/3644"}],"wp:featuredmedia":[{"embeddable":true,"href":"https:\/\/www.equipodecamara.es\/en\/wp-json\/wp\/v2\/media\/3575"}],"wp:attachment":[{"href":"https:\/\/www.equipodecamara.es\/en\/wp-json\/wp\/v2\/media?parent=3574"}],"wp:term":[{"taxonomy":"pwb-brand","embeddable":true,"href":"https:\/\/www.equipodecamara.es\/en\/wp-json\/wp\/v2\/pwb-brand?post=3574"},{"taxonomy":"product_brand","embeddable":true,"href":"https:\/\/www.equipodecamara.es\/en\/wp-json\/wp\/v2\/product_brand?post=3574"},{"taxonomy":"product_cat","embeddable":true,"href":"https:\/\/www.equipodecamara.es\/en\/wp-json\/wp\/v2\/product_cat?post=3574"},{"taxonomy":"product_tag","embeddable":true,"href":"https:\/\/www.equipodecamara.es\/en\/wp-json\/wp\/v2\/product_tag?post=3574"}],"curies":[{"name":"wp","href":"https:\/\/api.w.org\/{rel}","templated":true}]}}