{"id":3591,"date":"2022-05-24T13:18:21","date_gmt":"2022-05-24T13:18:21","guid":{"rendered":"https:\/\/www.equipodecamara.es\/?post_type=product&#038;p=3591"},"modified":"2022-05-25T17:01:02","modified_gmt":"2022-05-25T17:01:02","slug":"grabadora-zoom-h8","status":"publish","type":"product","link":"https:\/\/www.equipodecamara.es\/en\/alquiler\/audio\/grabador\/grabadora-zoom-h8\/","title":{"rendered":"ZOOM H8 8-channel recorder"},"content":{"rendered":"<h1>ZOOM H8 8-channel recorder<\/h1>\n<p>Grabadora digital port\u00e1til Zoom H8 Handy Recorder &#8211; Aplicaciones personalizadas para la grabaci\u00f3n de campo, m\u00fasica y podcasting. 3 interfaces distintas para la grabaci\u00f3n de campo, m\u00fasica y podcasting. C\u00e1psulas de entrada intercambiables. Con 12 pistas de grabaci\u00f3n simult\u00e1neas. Cuatro entradas de micro y dos conectores combo XLR\/TRS. Controles de ganancia y atenuadores de -20dB para cada entrada. La c\u00e1psula X\/Y XYH-6 suministrada proporciona una entrada secundaria a trav\u00e9s de un miniconector phono est\u00e9reo de 1\/8&#8243; Mic\/Line In. Alimentaci\u00f3n Phantom para seis entradas XLR principales: +24\/+48V.<\/p>","protected":false},"excerpt":{"rendered":"<div class=\"mh-excerpt\"><p style=\"text-align: justify;\"><strong>The rental includes: <\/strong>Micr\u00f3fono stereo integrado, 4 pilas AA, tarjeta de memoria 32Gb, Cable USB, maleta de transporte<\/p>\n<table style=\"height: 30px; width: 99.9271%; border-collapse: collapse;\" border=\"2\">\n<tbody>\n<tr style=\"height: 21px;\">\n<td style=\"width: 14.2857%; height: 10px; vertical-align: middle; text-align: center; background-color: #292929;\"><span style=\"color: #ffffff;\"><strong>1 day<\/strong><\/span><\/td>\n<td style=\"width: 14.2857%; height: 10px; vertical-align: middle; text-align: center; background-color: #292929;\"><span style=\"color: #ffffff;\"><strong>2 days<\/strong><\/span><\/td>\n<td style=\"width: 14.2857%; height: 10px; vertical-align: middle; text-align: center; background-color: #292929;\"><span style=\"color: #ffffff;\"><strong>3 days<\/strong><\/span><\/td>\n<td style=\"width: 14.2857%; height: 10px; vertical-align: middle; text-align: center; background-color: #292929;\"><span style=\"color: #ffffff;\"><strong>4 days<\/strong><\/span><\/td>\n<td style=\"width: 14.2857%; height: 10px; vertical-align: middle; text-align: center; background-color: #292929;\"><span style=\"color: #ffffff;\"><strong>5 days<\/strong><\/span><\/td>\n<td style=\"width: 14.2857%; height: 10px; vertical-align: middle; text-align: center; background-color: #292929;\"><span style=\"color: #ffffff;\"><strong>6 days<\/strong><\/span><\/td>\n<td style=\"width: 14.2857%; height: 10px; vertical-align: middle; text-align: center; background-color: #292929;\"><span style=\"color: #ffffff;\"><strong>7 days<\/strong><\/span><\/td>\n<\/tr>\n<tr style=\"height: 7px;\">\n<td style=\"width: 14.2857%; height: 10px; vertical-align: middle; text-align: center;\"><span style=\"color: #e64946; font-size: 14pt;\"><strong>25\u20ac<\/strong><\/span><\/td>\n<td style=\"width: 14.2857%; height: 10px; vertical-align: middle; text-align: center;\"><span style=\"color: #e64946; font-size: 14pt;\"><strong>37,5\u20ac<\/strong><\/span><\/td>\n<td style=\"width: 14.2857%; height: 10px; vertical-align: middle; text-align: center;\"><span style=\"color: #e64946; font-size: 14pt;\"><strong>50\u20ac<\/strong><\/span><\/td>\n<td style=\"width: 14.2857%; height: 10px; vertical-align: middle; text-align: center;\"><span style=\"color: #e64946; font-size: 14pt;\"><strong>62,5\u20ac<\/strong><\/span><\/td>\n<td style=\"width: 14.2857%; height: 10px; vertical-align: middle; text-align: center;\"><span style=\"color: #e64946; font-size: 14pt;\"><strong>75\u20ac<\/strong><\/span><\/td>\n<td style=\"width: 14.2857%; height: 10px; vertical-align: middle; text-align: center;\"><span style=\"color: #e64946; font-size: 14pt;\"><strong>87,5\u20ac<\/strong><\/span><\/td>\n<td style=\"width: 14.2857%; height: 10px; vertical-align: middle; text-align: center;\"><span style=\"color: #e64946; font-size: 14pt;\"><strong>97,5\u20ac<\/strong><\/span><\/td>\n<\/tr>\n<tr style=\"height: 10px;\">\n<td style=\"width: 14.2857%; height: 10px; background-color: #f0f0f0; vertical-align: middle; text-align: center;\"><span style=\"font-size: 8pt;\">\u20ac25\/day<\/span><\/td>\n<td style=\"width: 14.2857%; height: 10px; background-color: #f0f0f0; vertical-align: middle; text-align: center;\"><span style=\"font-size: 8pt;\">\u20ac18.75\/day<\/span><\/td>\n<td style=\"width: 14.2857%; height: 10px; background-color: #f0f0f0; vertical-align: middle; text-align: center;\"><span style=\"font-size: 8pt;\">\u20ac16.67\/day<\/span><\/td>\n<td style=\"width: 14.2857%; height: 10px; background-color: #f0f0f0; vertical-align: middle; text-align: center;\"><span style=\"font-size: 8pt;\">\u20ac15.63\/day<\/span><\/td>\n<td style=\"width: 14.2857%; height: 10px; background-color: #f0f0f0; vertical-align: middle; text-align: center;\"><span style=\"font-size: 8pt;\">\u20ac15\/day<\/span><\/td>\n<td style=\"width: 14.2857%; height: 10px; background-color: #f0f0f0; vertical-align: middle; text-align: center;\"><span style=\"font-size: 8pt;\">\u20ac14.58\/day<\/span><\/td>\n<td style=\"width: 14.2857%; height: 10px; background-color: #f0f0f0; vertical-align: middle; text-align: center;\"><span style=\"font-size: 8pt;\">\u20ac13.9\/day<\/span><\/td>\n<\/tr>\n<\/tbody>\n<\/table>\n<p> <a class=\"mh-excerpt-more\" href=\"https:\/\/www.equipodecamara.es\/en\/alquiler\/audio\/grabador\/grabadora-zoom-h8\/\" title=\"ZOOM H8 8-channel recorder\"><\/a><\/p>\n<\/div>","protected":false},"featured_media":3594,"template":"","meta":[],"pwb-brand":[],"product_brand":[],"product_cat":[552,633],"product_tag":[635,634,636,638,637],"class_list":{"0":"post-3591","1":"product","2":"type-product","3":"status-publish","4":"has-post-thumbnail","6":"product_cat-audio","7":"product_cat-grabador","8":"product_tag-grabadora","9":"product_tag-microfono","10":"product_tag-multipistas","11":"product_tag-sonido","12":"product_tag-xlr","14":"first","15":"instock","16":"taxable","17":"shipping-taxable","18":"purchasable","19":"product-type-redq_rental"},"brands":[],"_links":{"self":[{"href":"https:\/\/www.equipodecamara.es\/en\/wp-json\/wp\/v2\/product\/3591","targetHints":{"allow":["GET"]}}],"collection":[{"href":"https:\/\/www.equipodecamara.es\/en\/wp-json\/wp\/v2\/product"}],"about":[{"href":"https:\/\/www.equipodecamara.es\/en\/wp-json\/wp\/v2\/types\/product"}],"version-history":[{"count":4,"href":"https:\/\/www.equipodecamara.es\/en\/wp-json\/wp\/v2\/product\/3591\/revisions"}],"predecessor-version":[{"id":3652,"href":"https:\/\/www.equipodecamara.es\/en\/wp-json\/wp\/v2\/product\/3591\/revisions\/3652"}],"wp:featuredmedia":[{"embeddable":true,"href":"https:\/\/www.equipodecamara.es\/en\/wp-json\/wp\/v2\/media\/3594"}],"wp:attachment":[{"href":"https:\/\/www.equipodecamara.es\/en\/wp-json\/wp\/v2\/media?parent=3591"}],"wp:term":[{"taxonomy":"pwb-brand","embeddable":true,"href":"https:\/\/www.equipodecamara.es\/en\/wp-json\/wp\/v2\/pwb-brand?post=3591"},{"taxonomy":"product_brand","embeddable":true,"href":"https:\/\/www.equipodecamara.es\/en\/wp-json\/wp\/v2\/product_brand?post=3591"},{"taxonomy":"product_cat","embeddable":true,"href":"https:\/\/www.equipodecamara.es\/en\/wp-json\/wp\/v2\/product_cat?post=3591"},{"taxonomy":"product_tag","embeddable":true,"href":"https:\/\/www.equipodecamara.es\/en\/wp-json\/wp\/v2\/product_tag?post=3591"}],"curies":[{"name":"wp","href":"https:\/\/api.w.org\/{rel}","templated":true}]}}