{"id":3618,"date":"2022-05-25T10:12:25","date_gmt":"2022-05-25T10:12:25","guid":{"rendered":"https:\/\/www.equipodecamara.es\/?post_type=product&#038;p=3618"},"modified":"2022-05-25T10:36:08","modified_gmt":"2022-05-25T10:36:08","slug":"dji-ronin-rs2-pro","status":"publish","type":"product","link":"https:\/\/www.equipodecamara.es\/en\/alquiler\/estabilizadores\/dji-ronin-rs2-pro\/","title":{"rendered":"DJI RONIN RS2 PRO"},"content":{"rendered":"<h1>Dji RONIN RS2 PRO<\/h1>\n<div>\n<div>\n<p>El BM5 es el nuevo monitor de campo 1080P de 5 pulgadas de PortKeys. Cuenta con entradas HDMI y SDI, y una salida SDI con conversi\u00f3n cruzada. En caso de que necesites monitorear el audio, hay un conector de salida de 3.5 mm en el lado izquierdo. El monitor tiene un puerto USB en la parte inferior para futuras actualizaciones de firmware.<\/p>\n<p>En cuanto a alimentaci\u00f3n, el BM5 utiliza una sola bater\u00eda tipo Sony NP-F. Al igual que el monitor Focus SmallHD, puedes utilizar la salida de alimentaci\u00f3n del BM5 para alimentar tu c\u00e1mara mediante un simulador de bater\u00eda. Adem\u00e1s, tienes la opci\u00f3n de alimentar el monitor con una bater\u00eda externa usando el puerto Lemo incorporado y el cable incluido de Lemo a D-Tap. La pantalla en s\u00ed es un panel WLED, que es un t\u00e9rmino de marketing para decir panel LED, por lo que los negros no estar\u00e1n ni cerca de los de un panel OLED.<\/p>\n<\/div>\n<\/div>","protected":false},"excerpt":{"rendered":"<div class=\"mh-excerpt\"><p style=\"text-align: justify;\"><strong>The rental includes: <\/strong>Empu\u00f1adura BG30,\u00a0Cable de carga USB-C,\u00a0Cord\u00f3n de sujeci\u00f3n del objetivo,\u00a0Empu\u00f1adura secundaria\/tr\u00edpode, Placa de liberaci\u00f3n r\u00e1pida,\u00a0Empu\u00f1adura maleta,\u00a0Elevador para c\u00e1maras, Estuche de transporte, Cable de control multic\u00e1mara,\u00a0Cable de control multic\u00e1mara,\u00a0Cable de control multic\u00e1mara,\u00a0Cable de control multic\u00e1mara, Tornillos de montaje con anilla D para c\u00e1mara 1\/4&#8243;-20, Tapa del puerto RSA o NAR, Manga del eje de giro, Tornillo 1\/4\u201d-20<\/p>\n<table style=\"height: 30px; width: 99.9271%; border-collapse: collapse;\" border=\"2\">\n<tbody>\n<tr style=\"height: 21px;\">\n<td style=\"width: 14.2857%; height: 10px; vertical-align: middle; text-align: center; background-color: #292929;\"><span style=\"color: #ffffff;\"><strong>1 day<\/strong><\/span><\/td>\n<td style=\"width: 14.2857%; height: 10px; vertical-align: middle; text-align: center; background-color: #292929;\"><span style=\"color: #ffffff;\"><strong>2 days<\/strong><\/span><\/td>\n<td style=\"width: 14.2857%; height: 10px; vertical-align: middle; text-align: center; background-color: #292929;\"><span style=\"color: #ffffff;\"><strong>3 days<\/strong><\/span><\/td>\n<td style=\"width: 14.2857%; height: 10px; vertical-align: middle; text-align: center; background-color: #292929;\"><span style=\"color: #ffffff;\"><strong>4 days<\/strong><\/span><\/td>\n<td style=\"width: 14.2857%; height: 10px; vertical-align: middle; text-align: center; background-color: #292929;\"><span style=\"color: #ffffff;\"><strong>5 days<\/strong><\/span><\/td>\n<td style=\"width: 14.2857%; height: 10px; vertical-align: middle; text-align: center; background-color: #292929;\"><span style=\"color: #ffffff;\"><strong>6 days<\/strong><\/span><\/td>\n<td style=\"width: 14.2857%; height: 10px; vertical-align: middle; text-align: center; background-color: #292929;\"><span style=\"color: #ffffff;\"><strong>7 days<\/strong><\/span><\/td>\n<\/tr>\n<tr style=\"height: 7px;\">\n<td style=\"width: 14.2857%; height: 10px; vertical-align: middle; text-align: center;\"><span style=\"color: #e64946; font-size: 14pt;\"><strong>50\u20ac<\/strong><\/span><\/td>\n<td style=\"width: 14.2857%; height: 10px; vertical-align: middle; text-align: center;\"><span style=\"color: #e64946; font-size: 14pt;\"><strong>75\u20ac<\/strong><\/span><\/td>\n<td style=\"width: 14.2857%; height: 10px; vertical-align: middle; text-align: center;\"><span style=\"color: #e64946; font-size: 14pt;\"><strong>100\u20ac<\/strong><\/span><\/td>\n<td style=\"width: 14.2857%; height: 10px; vertical-align: middle; text-align: center;\"><span style=\"color: #e64946; font-size: 14pt;\"><strong>125\u20ac<\/strong><\/span><\/td>\n<td style=\"width: 14.2857%; height: 10px; vertical-align: middle; text-align: center;\"><span style=\"color: #e64946; font-size: 14pt;\"><strong>150\u20ac<\/strong><\/span><\/td>\n<td style=\"width: 14.2857%; height: 10px; vertical-align: middle; text-align: center;\"><span style=\"color: #e64946; font-size: 14pt;\"><strong>175\u20ac<\/strong><\/span><\/td>\n<td style=\"width: 14.2857%; height: 10px; vertical-align: middle; text-align: center;\"><span style=\"color: #e64946; font-size: 14pt;\"><strong>195\u20ac<\/strong><\/span><\/td>\n<\/tr>\n<tr style=\"height: 10px;\">\n<td style=\"width: 14.2857%; height: 10px; background-color: #f0f0f0; vertical-align: middle; text-align: center;\"><span style=\"font-size: 8pt;\">\u20ac50\/day<\/span><\/td>\n<td style=\"width: 14.2857%; height: 10px; background-color: #f0f0f0; vertical-align: middle; text-align: center;\"><span style=\"font-size: 8pt;\">37,5\u20ac\/d\u00eda<\/span><\/td>\n<td style=\"width: 14.2857%; height: 10px; background-color: #f0f0f0; vertical-align: middle; text-align: center;\"><span style=\"font-size: 8pt;\">33,33\u20ac\/d\u00eda<\/span><\/td>\n<td style=\"width: 14.2857%; height: 10px; background-color: #f0f0f0; vertical-align: middle; text-align: center;\"><span style=\"font-size: 8pt;\">31,25\u20ac\/d\u00eda<\/span><\/td>\n<td style=\"width: 14.2857%; height: 10px; background-color: #f0f0f0; vertical-align: middle; text-align: center;\"><span style=\"font-size: 8pt;\">\u20ac30\/day<\/span><\/td>\n<td style=\"width: 14.2857%; height: 10px; background-color: #f0f0f0; vertical-align: middle; text-align: center;\"><span style=\"font-size: 8pt;\">29,17\u20ac\/d\u00eda<\/span><\/td>\n<td style=\"width: 14.2857%; height: 10px; background-color: #f0f0f0; vertical-align: middle; text-align: center;\"><span style=\"font-size: 8pt;\">27,86\u20ac\/d\u00eda<\/span><\/td>\n<\/tr>\n<\/tbody>\n<\/table>\n<p> <a class=\"mh-excerpt-more\" href=\"https:\/\/www.equipodecamara.es\/en\/alquiler\/estabilizadores\/dji-ronin-rs2-pro\/\" title=\"DJI RONIN RS2 PRO\"><\/a><\/p>\n<\/div>","protected":false},"featured_media":3619,"template":"","meta":[],"pwb-brand":[],"product_brand":[],"product_cat":[497],"product_tag":[650,648,649,651],"class_list":{"0":"post-3618","1":"product","2":"type-product","3":"status-publish","4":"has-post-thumbnail","6":"product_cat-estabilizadores","7":"product_tag-dji","8":"product_tag-estabilizador","9":"product_tag-gimbal","10":"product_tag-ronin","12":"first","13":"instock","14":"taxable","15":"shipping-taxable","16":"purchasable","17":"product-type-redq_rental"},"brands":[],"_links":{"self":[{"href":"https:\/\/www.equipodecamara.es\/en\/wp-json\/wp\/v2\/product\/3618","targetHints":{"allow":["GET"]}}],"collection":[{"href":"https:\/\/www.equipodecamara.es\/en\/wp-json\/wp\/v2\/product"}],"about":[{"href":"https:\/\/www.equipodecamara.es\/en\/wp-json\/wp\/v2\/types\/product"}],"version-history":[{"count":1,"href":"https:\/\/www.equipodecamara.es\/en\/wp-json\/wp\/v2\/product\/3618\/revisions"}],"predecessor-version":[{"id":3620,"href":"https:\/\/www.equipodecamara.es\/en\/wp-json\/wp\/v2\/product\/3618\/revisions\/3620"}],"wp:featuredmedia":[{"embeddable":true,"href":"https:\/\/www.equipodecamara.es\/en\/wp-json\/wp\/v2\/media\/3619"}],"wp:attachment":[{"href":"https:\/\/www.equipodecamara.es\/en\/wp-json\/wp\/v2\/media?parent=3618"}],"wp:term":[{"taxonomy":"pwb-brand","embeddable":true,"href":"https:\/\/www.equipodecamara.es\/en\/wp-json\/wp\/v2\/pwb-brand?post=3618"},{"taxonomy":"product_brand","embeddable":true,"href":"https:\/\/www.equipodecamara.es\/en\/wp-json\/wp\/v2\/product_brand?post=3618"},{"taxonomy":"product_cat","embeddable":true,"href":"https:\/\/www.equipodecamara.es\/en\/wp-json\/wp\/v2\/product_cat?post=3618"},{"taxonomy":"product_tag","embeddable":true,"href":"https:\/\/www.equipodecamara.es\/en\/wp-json\/wp\/v2\/product_tag?post=3618"}],"curies":[{"name":"wp","href":"https:\/\/api.w.org\/{rel}","templated":true}]}}