{"id":4389,"date":"2023-10-10T15:36:30","date_gmt":"2023-10-10T15:36:30","guid":{"rendered":"https:\/\/www.equipodecamara.es\/?post_type=product&#038;p=4389"},"modified":"2023-10-10T15:55:59","modified_gmt":"2023-10-10T15:55:59","slug":"hollyland-mars-400-4k","status":"publish","type":"product","link":"https:\/\/www.equipodecamara.es\/en\/alquiler\/realizacion\/hollyland-mars-400-4k\/","title":{"rendered":"HOLLYLAND MARS 400 4K"},"content":{"rendered":"<p>HOLLYLAND MARS 4K 450ft<\/p>\n<div class=\"elementor-widget elementor-element elementor-element-obwmv88 elementor-widget-heading\" data-element_type=\"heading\">\n<div class=\"elementor-widget-container\">El Mars 4K logra un incre\u00edble alcance de l\u00ednea de visi\u00f3n de 450 pies (150 metros) y una latencia ultra baja de 0.06 segundos. Su chip de c\u00f3dec de doble n\u00facleo actualizado es capaz de alcanzar una velocidad de datos que var\u00eda de 8 Mbps a 20 Mbps, con 12 Mbps como configuraci\u00f3n predeterminada.<\/div>\n<\/div>\n<div class=\"elementor-widget elementor-element elementor-element-aplojmv elementor-widget-spacer\" data-element_type=\"spacer\">\n<div class=\"elementor-widget-container\">\n<div class=\"elementor-spacer\"><\/div>\n<\/div>\n<\/div>","protected":false},"excerpt":{"rendered":"<div class=\"mh-excerpt\"><p style=\"text-align: justify;\"><strong>The rental includes: <\/strong>Emisor, receptor, 2x bater\u00eda BP-U60, cable HDMI, latiguillo SDI<\/p>\n<table style=\"height: 30px; width: 81.7442%; border-collapse: collapse;\" border=\"2\">\n<tbody>\n<tr style=\"height: 21px;\">\n<td style=\"width: 10.9671%; height: 10px; vertical-align: middle; text-align: center; background-color: #292929;\"><span style=\"color: #ffffff;\"><strong>1 day<\/strong><\/span><\/td>\n<td style=\"width: 11.4017%; height: 10px; vertical-align: middle; text-align: center; background-color: #292929;\"><span style=\"color: #ffffff;\"><strong>2 days<\/strong><\/span><\/td>\n<td style=\"width: 11.6208%; height: 10px; vertical-align: middle; text-align: center; background-color: #292929;\"><span style=\"color: #ffffff;\"><strong>3 days<\/strong><\/span><\/td>\n<td style=\"width: 12.0612%; height: 10px; vertical-align: middle; text-align: center; background-color: #292929;\"><span style=\"color: #ffffff;\"><strong>4 days<\/strong><\/span><\/td>\n<td style=\"width: 11.4481%; height: 10px; vertical-align: middle; text-align: center; background-color: #292929;\"><span style=\"color: #ffffff;\"><strong>5 days<\/strong><\/span><\/td>\n<td style=\"width: 11.5242%; height: 10px; vertical-align: middle; text-align: center; background-color: #292929;\"><span style=\"color: #ffffff;\"><strong>6 days<\/strong><\/span><\/td>\n<td style=\"width: 11.6305%; height: 10px; vertical-align: middle; text-align: center; background-color: #292929;\"><span style=\"color: #ffffff;\"><strong>7 days<\/strong><\/span><\/td>\n<\/tr>\n<tr style=\"height: 7px;\">\n<td style=\"width: 10.9671%; height: 10px; vertical-align: middle; text-align: center;\"><span style=\"color: #e64946; font-size: 14pt;\"><strong>50\u20ac<\/strong><\/span><\/td>\n<td style=\"width: 11.4017%; height: 10px; vertical-align: middle; text-align: center;\"><span style=\"color: #e64946; font-size: 14pt;\"><strong>84\u20ac<\/strong><\/span><\/td>\n<td style=\"width: 11.6208%; height: 10px; vertical-align: middle; text-align: center;\"><span style=\"color: #e64946; font-size: 14pt;\"><strong>117\u20ac<\/strong><\/span><\/td>\n<td style=\"width: 12.0612%; height: 10px; vertical-align: middle; text-align: center;\"><span style=\"color: #e64946; font-size: 14pt;\"><strong>144\u20ac<\/strong><\/span><\/td>\n<td style=\"width: 11.4481%; height: 10px; vertical-align: middle; text-align: center;\"><span style=\"color: #e64946; font-size: 14pt;\"><strong>175\u20ac<\/strong><\/span><\/td>\n<td style=\"width: 11.5242%; height: 10px; vertical-align: middle; text-align: center;\"><span style=\"color: #e64946; font-size: 14pt;\"><strong>204\u20ac<\/strong><\/span><\/td>\n<td style=\"width: 11.6305%; height: 10px; vertical-align: middle; text-align: center;\"><span style=\"color: #e64946; font-size: 14pt;\"><strong>231\u20ac<\/strong><\/span><\/td>\n<\/tr>\n<tr style=\"height: 10px;\">\n<td style=\"width: 10.9671%; height: 10px; background-color: #f0f0f0; vertical-align: middle; text-align: center;\"><span style=\"font-size: 8pt;\">\u20ac50\/day<\/span><\/td>\n<td style=\"width: 11.4017%; height: 10px; background-color: #f0f0f0; vertical-align: middle; text-align: center;\"><span style=\"font-size: 8pt;\">42\u20ac\/d\u00eda<\/span><\/td>\n<td style=\"width: 11.6208%; height: 10px; background-color: #f0f0f0; vertical-align: middle; text-align: center;\"><span style=\"font-size: 8pt;\">\u20ac39\/day<\/span><\/td>\n<td style=\"width: 12.0612%; height: 10px; background-color: #f0f0f0; vertical-align: middle; text-align: center;\"><span style=\"font-size: 8pt;\">36\u20ac\/d\u00eda<\/span><\/td>\n<td style=\"width: 11.4481%; height: 10px; background-color: #f0f0f0; vertical-align: middle; text-align: center;\"><span style=\"font-size: 8pt;\">\u20ac35\/day<\/span><\/td>\n<td style=\"width: 11.5242%; height: 10px; background-color: #f0f0f0; vertical-align: middle; text-align: center;\"><span style=\"font-size: 8pt;\">\u20ac34\/day<\/span><\/td>\n<td style=\"width: 11.6305%; height: 10px; background-color: #f0f0f0; vertical-align: middle; text-align: center;\"><span style=\"font-size: 8pt;\">33\u20ac\/d\u00eda<\/span><\/td>\n<\/tr>\n<\/tbody>\n<\/table>\n<p> <a class=\"mh-excerpt-more\" href=\"https:\/\/www.equipodecamara.es\/en\/alquiler\/realizacion\/hollyland-mars-400-4k\/\" title=\"HOLLYLAND MARS 400 4K\"><\/a><\/p>\n<\/div>","protected":false},"featured_media":4393,"template":"","meta":[],"pwb-brand":[],"product_brand":[],"product_cat":[561],"product_tag":[],"class_list":{"0":"post-4389","1":"product","2":"type-product","3":"status-publish","4":"has-post-thumbnail","6":"product_cat-realizacion","8":"first","9":"instock","10":"taxable","11":"shipping-taxable","12":"purchasable","13":"product-type-redq_rental"},"brands":[],"_links":{"self":[{"href":"https:\/\/www.equipodecamara.es\/en\/wp-json\/wp\/v2\/product\/4389","targetHints":{"allow":["GET"]}}],"collection":[{"href":"https:\/\/www.equipodecamara.es\/en\/wp-json\/wp\/v2\/product"}],"about":[{"href":"https:\/\/www.equipodecamara.es\/en\/wp-json\/wp\/v2\/types\/product"}],"version-history":[{"count":2,"href":"https:\/\/www.equipodecamara.es\/en\/wp-json\/wp\/v2\/product\/4389\/revisions"}],"predecessor-version":[{"id":4394,"href":"https:\/\/www.equipodecamara.es\/en\/wp-json\/wp\/v2\/product\/4389\/revisions\/4394"}],"wp:featuredmedia":[{"embeddable":true,"href":"https:\/\/www.equipodecamara.es\/en\/wp-json\/wp\/v2\/media\/4393"}],"wp:attachment":[{"href":"https:\/\/www.equipodecamara.es\/en\/wp-json\/wp\/v2\/media?parent=4389"}],"wp:term":[{"taxonomy":"pwb-brand","embeddable":true,"href":"https:\/\/www.equipodecamara.es\/en\/wp-json\/wp\/v2\/pwb-brand?post=4389"},{"taxonomy":"product_brand","embeddable":true,"href":"https:\/\/www.equipodecamara.es\/en\/wp-json\/wp\/v2\/product_brand?post=4389"},{"taxonomy":"product_cat","embeddable":true,"href":"https:\/\/www.equipodecamara.es\/en\/wp-json\/wp\/v2\/product_cat?post=4389"},{"taxonomy":"product_tag","embeddable":true,"href":"https:\/\/www.equipodecamara.es\/en\/wp-json\/wp\/v2\/product_tag?post=4389"}],"curies":[{"name":"wp","href":"https:\/\/api.w.org\/{rel}","templated":true}]}}