{"id":4926,"date":"2023-11-15T18:20:46","date_gmt":"2023-11-15T18:20:46","guid":{"rendered":"https:\/\/www.equipodecamara.es\/?post_type=product&#038;p=4926"},"modified":"2023-11-15T18:24:16","modified_gmt":"2023-11-15T18:24:16","slug":"fondo-panoramic-4m-chroma-key-azul","status":"publish","type":"product","link":"https:\/\/www.equipodecamara.es\/en\/alquiler\/iluminacion\/accesorios\/fondo-panoramic-4m-chroma-key-azul\/","title":{"rendered":"Panoramic Background 4m Chroma Key Blue"},"content":{"rendered":"<h1 class=\"product_title entry-title\">Panoramic Background 4m Chroma Key Blue<\/h1>\n<p class=\"p2\">El fondo Panoramic plegable tiene una anchura de 4 m por una altura de 2,3 m y se pliega de manera organizada en su propio malet\u00edn de transporte para caber f\u00e1cilmente en un autom\u00f3vil. Pesa solamente 9 kg y es id\u00f3neo para creadores de im\u00e1genes sobre la marcha. Este fondo es completamente autoestable y puede montarse en cuesti\u00f3n de minutos. La estructura consta de tres secciones individuales enmarcadas en aluminio que est\u00e1n conectadas entre s\u00ed con un gancho articulado para montar el fondo en posici\u00f3n plana contra una pared, o con los bastidores laterales plegados para crear un efecto envolvente. La cubierta de croma azul se monta sobre el bastidor de aluminio y crea una superficie tirante continua. Este fondo es id\u00f3neo para proyectos de transmisi\u00f3n en directo y posproducci\u00f3n. Con un ancho impresionante de 4 m, crea una superficie de trabajo adecuada para m\u00faltiples sujetos y \u00e1ngulos de c\u00e1mara. Aunque la tela no es reflectante, su incre\u00edble tama\u00f1o es suficiente para colocar los sujetos a una buena distancia de trabajo del fondo, eliminando as\u00ed el riesgo de cualquier derrame de color desde la superficie de croma azul. Tanto si estamos capturando una sola persona, un grupo m\u00e1s grande o incluso productos, el fondo Panoramic ofrece la m\u00e1xima versatilidad. Tiene un formato m\u00e1s ancho que permite al creativo introducir accesorios y disponer poses animadas de bailarinas o atletas.<\/p>","protected":false},"excerpt":{"rendered":"<div class=\"mh-excerpt\"><p style=\"text-align: justify;\"><strong>The rental includes: <\/strong>4\u00d72.9m green chromakey fabric, 3x aluminum frames, Supports between frames, Fabric supports, Carrying bag.<\/p>\n<table style=\"height: 30px; width: 99.9271%; border-collapse: collapse;\" border=\"2\">\n<tbody>\n<tr style=\"height: 21px;\">\n<td style=\"width: 14.2857%; height: 10px; vertical-align: middle; text-align: center; background-color: #292929;\"><span style=\"color: #ffffff;\"><strong>1 day<\/strong><\/span><\/td>\n<td style=\"width: 14.2857%; height: 10px; vertical-align: middle; text-align: center; background-color: #292929;\"><span style=\"color: #ffffff;\"><strong>2 days<\/strong><\/span><\/td>\n<td style=\"width: 14.2857%; height: 10px; vertical-align: middle; text-align: center; background-color: #292929;\"><span style=\"color: #ffffff;\"><strong>3 days<\/strong><\/span><\/td>\n<td style=\"width: 14.2857%; height: 10px; vertical-align: middle; text-align: center; background-color: #292929;\"><span style=\"color: #ffffff;\"><strong>4 days<\/strong><\/span><\/td>\n<td style=\"width: 14.2857%; height: 10px; vertical-align: middle; text-align: center; background-color: #292929;\"><span style=\"color: #ffffff;\"><strong>5 days<\/strong><\/span><\/td>\n<td style=\"width: 14.2857%; height: 10px; vertical-align: middle; text-align: center; background-color: #292929;\"><span style=\"color: #ffffff;\"><strong>6 days<\/strong><\/span><\/td>\n<td style=\"width: 14.2857%; height: 10px; vertical-align: middle; text-align: center; background-color: #292929;\"><span style=\"color: #ffffff;\"><strong>7 days<\/strong><\/span><\/td>\n<\/tr>\n<tr style=\"height: 7px;\">\n<td style=\"width: 14.2857%; height: 10px; vertical-align: middle; text-align: center;\"><span style=\"color: #e64946; font-size: 14pt;\"><strong>30\u20ac<\/strong><\/span><\/td>\n<td style=\"width: 14.2857%; height: 10px; vertical-align: middle; text-align: center;\"><span style=\"color: #e64946; font-size: 14pt;\"><strong>45\u20ac<\/strong><\/span><\/td>\n<td style=\"width: 14.2857%; height: 10px; vertical-align: middle; text-align: center;\"><span style=\"color: #e64946; font-size: 14pt;\"><strong>60\u20ac<\/strong><\/span><\/td>\n<td style=\"width: 14.2857%; height: 10px; vertical-align: middle; text-align: center;\"><span style=\"color: #e64946; font-size: 14pt;\"><strong>75\u20ac<\/strong><\/span><\/td>\n<td style=\"width: 14.2857%; height: 10px; vertical-align: middle; text-align: center;\"><span style=\"color: #e64946; font-size: 14pt;\"><strong>90\u20ac<\/strong><\/span><\/td>\n<td style=\"width: 14.2857%; height: 10px; vertical-align: middle; text-align: center;\"><span style=\"color: #e64946; font-size: 14pt;\"><strong>105\u20ac<\/strong><\/span><\/td>\n<td style=\"width: 14.2857%; height: 10px; vertical-align: middle; text-align: center;\"><span style=\"color: #e64946; font-size: 14pt;\"><strong>117\u20ac<\/strong><\/span><\/td>\n<\/tr>\n<tr style=\"height: 10px;\">\n<td style=\"width: 14.2857%; height: 10px; background-color: #f0f0f0; vertical-align: middle; text-align: center;\"><span style=\"font-size: 8pt;\">\u20ac30\/day<\/span><\/td>\n<td style=\"width: 14.2857%; height: 10px; background-color: #f0f0f0; vertical-align: middle; text-align: center;\"><span style=\"font-size: 8pt;\">\u20ac22.5\/day<\/span><\/td>\n<td style=\"width: 14.2857%; height: 10px; background-color: #f0f0f0; vertical-align: middle; text-align: center;\"><span style=\"font-size: 8pt;\">\u20ac20\/day<\/span><\/td>\n<td style=\"width: 14.2857%; height: 10px; background-color: #f0f0f0; vertical-align: middle; text-align: center;\"><span style=\"font-size: 8pt;\">\u20ac18.75\/day<\/span><\/td>\n<td style=\"width: 14.2857%; height: 10px; background-color: #f0f0f0; vertical-align: middle; text-align: center;\"><span style=\"font-size: 8pt;\">\u20ac18\/day<\/span><\/td>\n<td style=\"width: 14.2857%; height: 10px; background-color: #f0f0f0; vertical-align: middle; text-align: center;\"><span style=\"font-size: 8pt;\">\u20ac17.5\/day<\/span><\/td>\n<td style=\"width: 14.2857%; height: 10px; background-color: #f0f0f0; vertical-align: middle; text-align: center;\"><span style=\"font-size: 8pt;\">\u20ac16.71\/day<\/span><\/td>\n<\/tr>\n<\/tbody>\n<\/table>\n<p> <a class=\"mh-excerpt-more\" href=\"https:\/\/www.equipodecamara.es\/en\/alquiler\/iluminacion\/accesorios\/fondo-panoramic-4m-chroma-key-azul\/\" title=\"Panoramic Background 4m Chroma Key Blue\"><\/a><\/p>\n<\/div>","protected":false},"featured_media":4927,"template":"","meta":[],"pwb-brand":[730],"product_brand":[],"product_cat":[652,553],"product_tag":[],"class_list":{"0":"post-4926","1":"product","2":"type-product","3":"status-publish","4":"has-post-thumbnail","6":"pwb-brand-manfrotto","7":"product_cat-accesorios","8":"product_cat-iluminacion","10":"first","11":"instock","12":"taxable","13":"shipping-taxable","14":"purchasable","15":"product-type-redq_rental"},"brands":[{"id":730,"name":"Manfrotto","slug":"manfrotto"}],"_links":{"self":[{"href":"https:\/\/www.equipodecamara.es\/en\/wp-json\/wp\/v2\/product\/4926","targetHints":{"allow":["GET"]}}],"collection":[{"href":"https:\/\/www.equipodecamara.es\/en\/wp-json\/wp\/v2\/product"}],"about":[{"href":"https:\/\/www.equipodecamara.es\/en\/wp-json\/wp\/v2\/types\/product"}],"version-history":[{"count":1,"href":"https:\/\/www.equipodecamara.es\/en\/wp-json\/wp\/v2\/product\/4926\/revisions"}],"predecessor-version":[{"id":4928,"href":"https:\/\/www.equipodecamara.es\/en\/wp-json\/wp\/v2\/product\/4926\/revisions\/4928"}],"wp:featuredmedia":[{"embeddable":true,"href":"https:\/\/www.equipodecamara.es\/en\/wp-json\/wp\/v2\/media\/4927"}],"wp:attachment":[{"href":"https:\/\/www.equipodecamara.es\/en\/wp-json\/wp\/v2\/media?parent=4926"}],"wp:term":[{"taxonomy":"pwb-brand","embeddable":true,"href":"https:\/\/www.equipodecamara.es\/en\/wp-json\/wp\/v2\/pwb-brand?post=4926"},{"taxonomy":"product_brand","embeddable":true,"href":"https:\/\/www.equipodecamara.es\/en\/wp-json\/wp\/v2\/product_brand?post=4926"},{"taxonomy":"product_cat","embeddable":true,"href":"https:\/\/www.equipodecamara.es\/en\/wp-json\/wp\/v2\/product_cat?post=4926"},{"taxonomy":"product_tag","embeddable":true,"href":"https:\/\/www.equipodecamara.es\/en\/wp-json\/wp\/v2\/product_tag?post=4926"}],"curies":[{"name":"wp","href":"https:\/\/api.w.org\/{rel}","templated":true}]}}