{"id":4946,"date":"2023-11-15T19:02:07","date_gmt":"2023-11-15T19:02:07","guid":{"rendered":"https:\/\/www.equipodecamara.es\/?post_type=product&#038;p=4946"},"modified":"2023-11-15T19:08:10","modified_gmt":"2023-11-15T19:08:10","slug":"aputure-fresnel-2x","status":"publish","type":"product","link":"https:\/\/www.equipodecamara.es\/en\/alquiler\/iluminacion\/accesorios\/aputure-fresnel-2x\/","title":{"rendered":"Aputure Fresnel 2X"},"content":{"rendered":"<h1 class=\"product_title entry-title\">Lente Aputure Fresnel 2X<\/h1>\n<table border=\"0\" width=\"640\" cellspacing=\"0\" cellpadding=\"0\" align=\"center\">\n<tbody>\n<tr>\n<td width=\"447\" height=\"81\">\n<div class=\"descripcio\">\n<p class=\"normal\">\n<p><span class=\"VIiyi\" lang=\"es\">Fabricado exclusivamente para Aputure LS C120d, LS C120d II, LS C300d, LS\u00a0 C300x el accesorio Fresnel 2X ofrece una extensi\u00f3n del haz variable de 12 a 40 grados. La mejora del dise\u00f1o es su capacidad para intensificar la salida de luz. El LS 120d II de Aputure, por ejemplo, es capaz de generar hasta 14 veces su potencia est\u00e1ndar gracias al dise\u00f1o de lente dual de Fresnel. El Fresnel 2X viene con un estuche acolchado para almacenamiento y transporte.<br \/>\n<strong>Brillo aumentado<\/strong>\u00a0El dise\u00f1o mejorado presenta elementos \u00f3pticos duales, una lente Fresnel frontal m\u00e1s grande de 6 \u00ab, ventilaci\u00f3n mejorada y fugas de luz minimizadas.<br \/>\n<strong>Dise\u00f1o de doble lente\u00a0<\/strong>La lente trasera enfoca y ampl\u00eda el haz en la lente Fresnel frontal m\u00e1s grande de 6 \u00ab, funcionando sin desperdicio de luz. El dise\u00f1o \u00f3ptico de doble lente hace que el Fresnel 2X sea dos veces m\u00e1s potente que el Aputure Fresnel original y hace que el LS C120d II alcance hasta 14 veces m\u00e1s brillante.<br \/>\n<strong>Dise\u00f1o giratorio<\/strong>\u00a0Al utilizar un dise\u00f1o de barril giratorio, el Fresnel 2X crea una experiencia de usuario intuitiva, similar a la lente de una c\u00e1mara. El tiro de enfoque suave brinda a los usuarios la capacidad de ajustar con precisi\u00f3n el \u00e1ngulo del haz de su fuente de luz, lo que les permite detectar o inundar f\u00e1cilmente la luz con un simple giro.<\/span><\/p>\n<\/div>\n<\/td>\n<\/tr>\n<\/tbody>\n<\/table>","protected":false},"excerpt":{"rendered":"<div class=\"mh-excerpt\"><p style=\"text-align: justify;\"><strong>The rental includes: <\/strong>Lente Fresnel, Bolsa de transporte, adaptador filtros.<\/p>\n<table style=\"height: 30px; width: 99.9271%; border-collapse: collapse;\" border=\"2\">\n<tbody>\n<tr style=\"height: 21px;\">\n<td style=\"width: 14.2857%; height: 10px; vertical-align: middle; text-align: center; background-color: #292929;\"><span style=\"color: #ffffff;\"><strong>1 day<\/strong><\/span><\/td>\n<td style=\"width: 14.2857%; height: 10px; vertical-align: middle; text-align: center; background-color: #292929;\"><span style=\"color: #ffffff;\"><strong>2 days<\/strong><\/span><\/td>\n<td style=\"width: 14.2857%; height: 10px; vertical-align: middle; text-align: center; background-color: #292929;\"><span style=\"color: #ffffff;\"><strong>3 days<\/strong><\/span><\/td>\n<td style=\"width: 14.2857%; height: 10px; vertical-align: middle; text-align: center; background-color: #292929;\"><span style=\"color: #ffffff;\"><strong>4 days<\/strong><\/span><\/td>\n<td style=\"width: 14.2857%; height: 10px; vertical-align: middle; text-align: center; background-color: #292929;\"><span style=\"color: #ffffff;\"><strong>5 days<\/strong><\/span><\/td>\n<td style=\"width: 14.2857%; height: 10px; vertical-align: middle; text-align: center; background-color: #292929;\"><span style=\"color: #ffffff;\"><strong>6 days<\/strong><\/span><\/td>\n<td style=\"width: 14.2857%; height: 10px; vertical-align: middle; text-align: center; background-color: #292929;\"><span style=\"color: #ffffff;\"><strong>7 days<\/strong><\/span><\/td>\n<\/tr>\n<tr style=\"height: 7px;\">\n<td style=\"width: 14.2857%; height: 10px; vertical-align: middle; text-align: center;\"><span style=\"color: #e64946; font-size: 14pt;\"><strong>8\u20ac<\/strong><\/span><\/td>\n<td style=\"width: 14.2857%; height: 10px; vertical-align: middle; text-align: center;\"><span style=\"color: #e64946; font-size: 14pt;\"><strong>12\u20ac<\/strong><\/span><\/td>\n<td style=\"width: 14.2857%; height: 10px; vertical-align: middle; text-align: center;\"><span style=\"color: #e64946; font-size: 14pt;\"><strong>16\u20ac<\/strong><\/span><\/td>\n<td style=\"width: 14.2857%; height: 10px; vertical-align: middle; text-align: center;\"><span style=\"color: #e64946; font-size: 14pt;\"><strong>20\u20ac<\/strong><\/span><\/td>\n<td style=\"width: 14.2857%; height: 10px; vertical-align: middle; text-align: center;\"><span style=\"color: #e64946; font-size: 14pt;\"><strong>24\u20ac<\/strong><\/span><\/td>\n<td style=\"width: 14.2857%; height: 10px; vertical-align: middle; text-align: center;\"><span style=\"color: #e64946; font-size: 14pt;\"><strong>28\u20ac<\/strong><\/span><\/td>\n<td style=\"width: 14.2857%; height: 10px; vertical-align: middle; text-align: center;\"><span style=\"color: #e64946; font-size: 14pt;\"><strong>31,2\u20ac<\/strong><\/span><\/td>\n<\/tr>\n<tr style=\"height: 10px;\">\n<td style=\"width: 14.2857%; height: 10px; background-color: #f0f0f0; vertical-align: middle; text-align: center;\"><span style=\"font-size: 8pt;\">\u20ac8\/day<\/span><\/td>\n<td style=\"width: 14.2857%; height: 10px; background-color: #f0f0f0; vertical-align: middle; text-align: center;\"><span style=\"font-size: 8pt;\">\u20ac6\/day<\/span><\/td>\n<td style=\"width: 14.2857%; height: 10px; background-color: #f0f0f0; vertical-align: middle; text-align: center;\"><span style=\"font-size: 8pt;\">5,3\u20ac\/d\u00eda<\/span><\/td>\n<td style=\"width: 14.2857%; height: 10px; background-color: #f0f0f0; vertical-align: middle; text-align: center;\"><span style=\"font-size: 8pt;\">\u20ac5\/day<\/span><\/td>\n<td style=\"width: 14.2857%; height: 10px; background-color: #f0f0f0; vertical-align: middle; text-align: center;\"><span style=\"font-size: 8pt;\">\u20ac4.8\/day<\/span><\/td>\n<td style=\"width: 14.2857%; height: 10px; background-color: #f0f0f0; vertical-align: middle; text-align: center;\"><span style=\"font-size: 8pt;\">\u20ac4.67\/day<\/span><\/td>\n<td style=\"width: 14.2857%; height: 10px; background-color: #f0f0f0; vertical-align: middle; text-align: center;\"><span style=\"font-size: 8pt;\">\u20ac4.46\/day<\/span><\/td>\n<\/tr>\n<\/tbody>\n<\/table>\n<p> <a class=\"mh-excerpt-more\" href=\"https:\/\/www.equipodecamara.es\/en\/alquiler\/iluminacion\/accesorios\/aputure-fresnel-2x\/\" title=\"Aputure Fresnel 2X\"><\/a><\/p>\n<\/div>","protected":false},"featured_media":4947,"template":"","meta":[],"pwb-brand":[718],"product_brand":[],"product_cat":[652,553],"product_tag":[],"class_list":{"0":"post-4946","1":"product","2":"type-product","3":"status-publish","4":"has-post-thumbnail","6":"pwb-brand-aputure","7":"product_cat-accesorios","8":"product_cat-iluminacion","10":"first","11":"instock","12":"taxable","13":"shipping-taxable","14":"purchasable","15":"product-type-redq_rental"},"brands":[{"id":718,"name":"Aputure","slug":"aputure"}],"_links":{"self":[{"href":"https:\/\/www.equipodecamara.es\/en\/wp-json\/wp\/v2\/product\/4946","targetHints":{"allow":["GET"]}}],"collection":[{"href":"https:\/\/www.equipodecamara.es\/en\/wp-json\/wp\/v2\/product"}],"about":[{"href":"https:\/\/www.equipodecamara.es\/en\/wp-json\/wp\/v2\/types\/product"}],"version-history":[{"count":1,"href":"https:\/\/www.equipodecamara.es\/en\/wp-json\/wp\/v2\/product\/4946\/revisions"}],"predecessor-version":[{"id":4948,"href":"https:\/\/www.equipodecamara.es\/en\/wp-json\/wp\/v2\/product\/4946\/revisions\/4948"}],"wp:featuredmedia":[{"embeddable":true,"href":"https:\/\/www.equipodecamara.es\/en\/wp-json\/wp\/v2\/media\/4947"}],"wp:attachment":[{"href":"https:\/\/www.equipodecamara.es\/en\/wp-json\/wp\/v2\/media?parent=4946"}],"wp:term":[{"taxonomy":"pwb-brand","embeddable":true,"href":"https:\/\/www.equipodecamara.es\/en\/wp-json\/wp\/v2\/pwb-brand?post=4946"},{"taxonomy":"product_brand","embeddable":true,"href":"https:\/\/www.equipodecamara.es\/en\/wp-json\/wp\/v2\/product_brand?post=4946"},{"taxonomy":"product_cat","embeddable":true,"href":"https:\/\/www.equipodecamara.es\/en\/wp-json\/wp\/v2\/product_cat?post=4946"},{"taxonomy":"product_tag","embeddable":true,"href":"https:\/\/www.equipodecamara.es\/en\/wp-json\/wp\/v2\/product_tag?post=4946"}],"curies":[{"name":"wp","href":"https:\/\/api.w.org\/{rel}","templated":true}]}}