{"id":4964,"date":"2023-11-16T18:12:56","date_gmt":"2023-11-16T18:12:56","guid":{"rendered":"https:\/\/www.equipodecamara.es\/?post_type=product&#038;p=4964"},"modified":"2023-11-16T18:19:10","modified_gmt":"2023-11-16T18:19:10","slug":"tripode-de-iluminacion-nano-stand","status":"publish","type":"product","link":"https:\/\/www.equipodecamara.es\/en\/alquiler\/iluminacion\/accesorios\/tripode-de-iluminacion-nano-stand\/","title":{"rendered":"Nano Stand Lighting Tripod"},"content":{"rendered":"<h1 class=\"product_title entry-title\">Manfrotto Nano Stand<\/h1>\n<p class=\"p2\">Los equipos de iluminaci\u00f3n, como las luces LED y el flash, son cada vez m\u00e1s peque\u00f1os, m\u00e1s ligeros y m\u00e1s port\u00e1tiles, por lo que para aquellos profesionales que viajan, fot\u00f3grafos o vide\u00f3grafos, necesitan un soporte de luz que sea m\u00e1s peque\u00f1o y ligero. Si necesitas viajar con poco peso, con solo el equipaje de mano o simplemente deseas reducir el tama\u00f1o de tu equipo, no busques m\u00e1s, \u00e9ste es tu soporte.<\/p>\n<p>El tr\u00edpode de iluminaci\u00f3n Nano negro combina caracter\u00edsticas inteligentes y compactas con su resistente marco anodizado. Llueva o haga sol, puedes estar seguro de que este resistente soporte no te fallar\u00e1, no se oxida ni se tambalea bajo presi\u00f3n, incluso cuando soporta equipos que pesan hasta 1,5 kg. \u00a1Es hora de salir!<\/p>\n<p>Este soporte de iluminaci\u00f3n de dise\u00f1o intuitivo con patas plegables tiene 5 secciones y se completa con 4 bloqueos de seguridad separados. Una ingeniosa innovaci\u00f3n que te permite una configuraci\u00f3n y desmontaje r\u00e1pidos, y se guarda c\u00f3modamente de forma muy compacta. Adem\u00e1s, solo pesa 960 g, por lo que ni siquiera te dar\u00e1s cuenta que lo llevas encima.<\/p>\n<p>Flexible y pr\u00e1ctico, el Nano Stand ocupa 100 cm. Se extiende a una altura m\u00e1xima impresionante de 190 cm y se pliega a 49 cm. Tambi\u00e9n viene con accesorios est\u00e1ndar y f\u00e1cilmente compatibles. Una soluci\u00f3n simple para fot\u00f3grafos, vide\u00f3grafos y creadores de contenido en movimiento.<\/p>","protected":false},"excerpt":{"rendered":"<div class=\"mh-excerpt\"><p style=\"text-align: justify;\"><strong>The rental includes: <\/strong>Tr\u00edpode Nano Stand.<\/p>\n<table style=\"height: 30px; width: 99.9271%; border-collapse: collapse;\" border=\"2\">\n<tbody>\n<tr style=\"height: 21px;\">\n<td style=\"width: 14.2857%; height: 10px; vertical-align: middle; text-align: center; background-color: #292929;\"><span style=\"color: #ffffff;\"><strong>1 day<\/strong><\/span><\/td>\n<td style=\"width: 14.2857%; height: 10px; vertical-align: middle; text-align: center; background-color: #292929;\"><span style=\"color: #ffffff;\"><strong>2 days<\/strong><\/span><\/td>\n<td style=\"width: 14.2857%; height: 10px; vertical-align: middle; text-align: center; background-color: #292929;\"><span style=\"color: #ffffff;\"><strong>3 days<\/strong><\/span><\/td>\n<td style=\"width: 14.2857%; height: 10px; vertical-align: middle; text-align: center; background-color: #292929;\"><span style=\"color: #ffffff;\"><strong>4 days<\/strong><\/span><\/td>\n<td style=\"width: 14.2857%; height: 10px; vertical-align: middle; text-align: center; background-color: #292929;\"><span style=\"color: #ffffff;\"><strong>5 days<\/strong><\/span><\/td>\n<td style=\"width: 14.2857%; height: 10px; vertical-align: middle; text-align: center; background-color: #292929;\"><span style=\"color: #ffffff;\"><strong>6 days<\/strong><\/span><\/td>\n<td style=\"width: 14.2857%; height: 10px; vertical-align: middle; text-align: center; background-color: #292929;\"><span style=\"color: #ffffff;\"><strong>7 days<\/strong><\/span><\/td>\n<\/tr>\n<tr style=\"height: 7px;\">\n<td style=\"width: 14.2857%; height: 10px; vertical-align: middle; text-align: center;\"><span style=\"color: #e64946; font-size: 14pt;\"><strong>7\u20ac<\/strong><\/span><\/td>\n<td style=\"width: 14.2857%; height: 10px; vertical-align: middle; text-align: center;\"><span style=\"color: #e64946; font-size: 14pt;\"><strong>10,5\u20ac<\/strong><\/span><\/td>\n<td style=\"width: 14.2857%; height: 10px; vertical-align: middle; text-align: center;\"><span style=\"color: #e64946; font-size: 14pt;\"><strong>14\u20ac<\/strong><\/span><\/td>\n<td style=\"width: 14.2857%; height: 10px; vertical-align: middle; text-align: center;\"><span style=\"color: #e64946; font-size: 14pt;\"><strong>17,5\u20ac<\/strong><\/span><\/td>\n<td style=\"width: 14.2857%; height: 10px; vertical-align: middle; text-align: center;\"><span style=\"color: #e64946; font-size: 14pt;\"><strong>21\u20ac<\/strong><\/span><\/td>\n<td style=\"width: 14.2857%; height: 10px; vertical-align: middle; text-align: center;\"><span style=\"color: #e64946; font-size: 14pt;\"><strong>24,5\u20ac<\/strong><\/span><\/td>\n<td style=\"width: 14.2857%; height: 10px; vertical-align: middle; text-align: center;\"><span style=\"color: #e64946; font-size: 14pt;\"><strong>27,3\u20ac<\/strong><\/span><\/td>\n<\/tr>\n<tr style=\"height: 10px;\">\n<td style=\"width: 14.2857%; height: 10px; background-color: #f0f0f0; vertical-align: middle; text-align: center;\"><span style=\"font-size: 8pt;\">\u20ac7\/day<\/span><\/td>\n<td style=\"width: 14.2857%; height: 10px; background-color: #f0f0f0; vertical-align: middle; text-align: center;\"><span style=\"font-size: 8pt;\">5,25\u20ac\/d\u00eda<\/span><\/td>\n<td style=\"width: 14.2857%; height: 10px; background-color: #f0f0f0; vertical-align: middle; text-align: center;\"><span style=\"font-size: 8pt;\">\u20ac4.67\/day<\/span><\/td>\n<td style=\"width: 14.2857%; height: 10px; background-color: #f0f0f0; vertical-align: middle; text-align: center;\"><span style=\"font-size: 8pt;\">4,38\u20ac\/d\u00eda<\/span><\/td>\n<td style=\"width: 14.2857%; height: 10px; background-color: #f0f0f0; vertical-align: middle; text-align: center;\"><span style=\"font-size: 8pt;\">4,2\u20ac\/d\u00eda<\/span><\/td>\n<td style=\"width: 14.2857%; height: 10px; background-color: #f0f0f0; vertical-align: middle; text-align: center;\"><span style=\"font-size: 8pt;\">4,08\u20ac\/d\u00eda<\/span><\/td>\n<td style=\"width: 14.2857%; height: 10px; background-color: #f0f0f0; vertical-align: middle; text-align: center;\"><span style=\"font-size: 8pt;\">3,9\u20ac\/d\u00eda<\/span><\/td>\n<\/tr>\n<\/tbody>\n<\/table>\n<p> <a class=\"mh-excerpt-more\" href=\"https:\/\/www.equipodecamara.es\/en\/alquiler\/iluminacion\/accesorios\/tripode-de-iluminacion-nano-stand\/\" title=\"Nano Stand Lighting Tripod\"><\/a><\/p>\n<\/div>","protected":false},"featured_media":4962,"template":"","meta":[],"pwb-brand":[730],"product_brand":[],"product_cat":[652,553],"product_tag":[],"class_list":{"0":"post-4964","1":"product","2":"type-product","3":"status-publish","4":"has-post-thumbnail","6":"pwb-brand-manfrotto","7":"product_cat-accesorios","8":"product_cat-iluminacion","10":"first","11":"instock","12":"taxable","13":"shipping-taxable","14":"purchasable","15":"product-type-redq_rental"},"brands":[{"id":730,"name":"Manfrotto","slug":"manfrotto"}],"_links":{"self":[{"href":"https:\/\/www.equipodecamara.es\/en\/wp-json\/wp\/v2\/product\/4964","targetHints":{"allow":["GET"]}}],"collection":[{"href":"https:\/\/www.equipodecamara.es\/en\/wp-json\/wp\/v2\/product"}],"about":[{"href":"https:\/\/www.equipodecamara.es\/en\/wp-json\/wp\/v2\/types\/product"}],"version-history":[{"count":1,"href":"https:\/\/www.equipodecamara.es\/en\/wp-json\/wp\/v2\/product\/4964\/revisions"}],"predecessor-version":[{"id":4967,"href":"https:\/\/www.equipodecamara.es\/en\/wp-json\/wp\/v2\/product\/4964\/revisions\/4967"}],"wp:featuredmedia":[{"embeddable":true,"href":"https:\/\/www.equipodecamara.es\/en\/wp-json\/wp\/v2\/media\/4962"}],"wp:attachment":[{"href":"https:\/\/www.equipodecamara.es\/en\/wp-json\/wp\/v2\/media?parent=4964"}],"wp:term":[{"taxonomy":"pwb-brand","embeddable":true,"href":"https:\/\/www.equipodecamara.es\/en\/wp-json\/wp\/v2\/pwb-brand?post=4964"},{"taxonomy":"product_brand","embeddable":true,"href":"https:\/\/www.equipodecamara.es\/en\/wp-json\/wp\/v2\/product_brand?post=4964"},{"taxonomy":"product_cat","embeddable":true,"href":"https:\/\/www.equipodecamara.es\/en\/wp-json\/wp\/v2\/product_cat?post=4964"},{"taxonomy":"product_tag","embeddable":true,"href":"https:\/\/www.equipodecamara.es\/en\/wp-json\/wp\/v2\/product_tag?post=4964"}],"curies":[{"name":"wp","href":"https:\/\/api.w.org\/{rel}","templated":true}]}}